{"id":5886,"date":"2024-10-16T19:17:47","date_gmt":"2024-10-16T19:17:47","guid":{"rendered":"https:\/\/wordpress-184959-0.cloudclusters.net\/?page_id=5886"},"modified":"2024-10-16T20:23:45","modified_gmt":"2024-10-16T20:23:45","slug":"nuestros-simbolos","status":"publish","type":"page","link":"https:\/\/lsfb.cl\/?page_id=5886","title":{"rendered":"Nuestros S\u00edmbolos"},"content":{"rendered":"<p><div class=\"fusion-bg-parallax\" data-bg-align=\"center top\" data-direction=\"down\" data-mute=\"false\" data-opacity=\"100\" data-velocity=\"-0.4\" data-mobile-enabled=\"true\" data-break_parents=\"0\" data-bg-image=\"https:\/\/wordpress-184959-0.cloudclusters.net\/wp-content\/uploads\/2024\/10\/Sin-titulo-1000-x-300-px-2.png\" data-bg-repeat=\"false\" data-bg-color=\"rgba(0,0,0,0.76)\" data-blend-mode=\"hard-light\" ><\/div><div class=\"fusion-fullwidth fullwidth-box fusion-builder-row-1 fusion-flex-container has-pattern-background has-mask-background faded-background fusion-parallax-down nonhundred-percent-fullwidth non-hundred-percent-height-scrolling fusion-animated\" style=\"--awb-background-position:center top;--awb-background-blend-mode:hard-light;--awb-border-radius-top-left:0px;--awb-border-radius-top-right:0px;--awb-border-radius-bottom-right:0px;--awb-border-radius-bottom-left:0px;--awb-padding-top:140px;--awb-padding-bottom:97px;--awb-margin-top:0px;--awb-background-size:cover;--awb-flex-wrap:wrap;\" data-animationType=\"bounceInLeft\" data-animationDuration=\"0.8\" data-animationOffset=\"top-into-view\" ><div class=\"awb-background-mask\" style=\"background-image:  url(data:image\/svg+xml;utf8,%3Csvg%20width%3D%221920%22%20height%3D%22954%22%20fill%3D%22none%22%20xmlns%3D%22http%3A%2F%2Fwww.w3.org%2F2000%2Fsvg%22%3E%3Cpath%20fill-rule%3D%22evenodd%22%20clip-rule%3D%22evenodd%22%20d%3D%22M1697.02%200c48.23%2074.466%2073.5%20162.212%2071.63%20252.091-2.38%20113.804-48.07%20222.366-127.7%20303.434-79.62%2081.065-187.12%20128.499-300.47%20132.611-113.34%204.112-223.98-35.407-309.23-110.486-41.529-36.574-104.796-32.505-141.313%209.088-36.517%2041.594-32.454%20104.961%209.074%20141.535C1022.67%20837.18%201183.21%20894.546%201347.73%20888.577c164.52-5.969%20320.5-74.817%20435.99-192.395A646.282%20646.282%200%20001920%20489.919V954H0V0h1697.02zm-152.13%2037.429c50.71-22.192%20109.79.947%20131.97%2051.683a383.79%20383.79%200%200110.87%20279.732c-31.73%2091.288-96.71%20167.233-181.94%20212.762a384.921%20384.921%200%2001-278%2033.06c-93.53-24.262-174.53-82.823-226.82-164.088-29.965-46.559-16.532-108.606%2030-138.586%2046.53-29.979%20108.54-16.538%20138.51%2030.021%2024.99%2038.834%2063.75%2066.898%20108.61%2078.536a184.603%20184.603%200%2000133.31-15.847c40.83-21.815%2071.88-58.154%2087.03-101.727a183.148%20183.148%200%2000-5.19-133.5c-22.18-50.735.95-109.855%2051.65-132.046z%22%20fill%3D%22rgba%280%2C0%2C0%2C0.59%29%22%2F%3E%3C%2Fsvg%3E);opacity: 1 ;transform: scale(-1, 1);mix-blend-mode:hard-light;\"><\/div><div class=\"fullwidth-faded\" style=\"--awb-background-color:rgba(0,0,0,0.76);--awb-background-position:center top;--awb-background-blend-mode:hard-light;--awb-background-image:url(https:\/\/wordpress-184959-0.cloudclusters.net\/wp-content\/uploads\/2024\/10\/Sin-titulo-1000-x-300-px-2.png);--awb-background-size:cover;\" data-preload-img=\"https:\/\/wordpress-184959-0.cloudclusters.net\/wp-content\/uploads\/2024\/10\/Sin-titulo-1000-x-300-px-2.png\" ><\/div><div class=\"fusion-builder-row fusion-row fusion-flex-align-items-center fusion-flex-justify-content-center fusion-flex-content-wrap\" style=\"max-width:1372.8px;margin-left: calc(-4% \/ 2 );margin-right: calc(-4% \/ 2 );\"><div class=\"fusion-layout-column fusion_builder_column fusion-builder-column-0 fusion_builder_column_1_1 1_1 fusion-flex-column fusion-flex-align-self-flex-start fusion-animated\" style=\"--awb-bg-size:cover;--awb-width-large:100%;--awb-margin-top-large:0px;--awb-spacing-right-large:1.92%;--awb-margin-bottom-large:20px;--awb-spacing-left-large:1.92%;--awb-width-medium:75%;--awb-order-medium:0;--awb-spacing-right-medium:2.56%;--awb-spacing-left-medium:2.56%;--awb-width-small:83.333333333333%;--awb-order-small:0;--awb-spacing-right-small:2.304%;--awb-spacing-left-small:2.304%;\" data-animationType=\"fadeInUp\" data-animationDuration=\"1.5\" data-animationDelay=\"0.5\" data-animationOffset=\"top-into-view\" data-scroll-devices=\"medium-visibility,large-visibility\"><div class=\"fusion-column-wrapper fusion-column-has-shadow fusion-flex-justify-content-flex-start fusion-content-layout-column\"><div class=\"fusion-title title fusion-title-1 fusion-sep-none fusion-title-center fusion-title-highlight fusion-loop-on fusion-highlight-circle fusion-title-size-one fusion-animated\" style=\"--awb-text-color:var(--awb-color1);--awb-highlight-color:#f7fc64;--awb-highlight-width:6;--awb-margin-top:0px;--awb-margin-bottom:30px;--awb-margin-bottom-small:20px;--awb-font-size:60px;\" data-highlight=\"circle\" data-animationType=\"flipinx\" data-animationDuration=\"1.8\" data-animationDelay=\"0.3\" data-animationOffset=\"top-into-view\"><h1 class=\"fusion-title-heading title-heading-center\" style=\"margin:0;font-size:1em;line-height:1.4;\"><span class=\"fusion-highlighted-text-prefix\">Nuestros<\/span> <span class=\"fusion-highlighted-text-wrapper\"><span class=\"fusion-highlighted-text\">S\u00edmbolos<\/span><\/span> <span class=\"fusion-highlighted-text-postfix\"><\/span><\/h1><\/div><\/div><\/div><\/div><\/div><div class=\"fusion-fullwidth fullwidth-box fusion-builder-row-2 fusion-flex-container has-pattern-background has-mask-background nonhundred-percent-fullwidth non-hundred-percent-height-scrolling fusion-animated\" style=\"--awb-border-radius-top-left:0px;--awb-border-radius-top-right:0px;--awb-border-radius-bottom-right:0px;--awb-border-radius-bottom-left:0px;--awb-flex-wrap:wrap;\" data-animationType=\"bounceInDown\" data-animationDuration=\"0.5\" data-animationDelay=\"0.4\" data-animationOffset=\"top-into-view\" ><div class=\"fusion-builder-row fusion-row fusion-flex-align-items-flex-start fusion-flex-content-wrap\" style=\"max-width:1372.8px;margin-left: calc(-4% \/ 2 );margin-right: calc(-4% \/ 2 );\"><div class=\"fusion-layout-column fusion_builder_column fusion-builder-column-1 fusion_builder_column_1_1 1_1 fusion-flex-column\" style=\"--awb-padding-top:50px;--awb-padding-right:60px;--awb-padding-bottom:50px;--awb-padding-left:80px;--awb-overflow:hidden;--awb-bg-color:rgba(255,255,255,0.73);--awb-bg-color-hover:rgba(255,255,255,0.73);--awb-bg-size:cover;--awb-box-shadow:2px 2px 40px 0px hsla(var(--awb-color8-h),var(--awb-color8-s),var(--awb-color8-l),calc(var(--awb-color8-a) - 90%));;--awb-border-radius:10px 10px 10px 10px;--awb-width-large:100%;--awb-margin-top-large:-20px;--awb-spacing-right-large:1.92%;--awb-margin-bottom-large:0px;--awb-spacing-left-large:1.92%;--awb-width-medium:100%;--awb-order-medium:0;--awb-spacing-right-medium:1.92%;--awb-spacing-left-medium:1.92%;--awb-width-small:100%;--awb-order-small:0;--awb-spacing-right-small:1.92%;--awb-margin-bottom-small:40px;--awb-spacing-left-small:1.92%;\" data-motion-effects=\"[{&quot;type&quot;:&quot;scroll&quot;,&quot;scroll_type&quot;:&quot;transition&quot;,&quot;scroll_direction&quot;:&quot;up&quot;,&quot;transition_speed&quot;:&quot;1&quot;,&quot;fade_type&quot;:&quot;in&quot;,&quot;scale_type&quot;:&quot;up&quot;,&quot;initial_scale&quot;:&quot;1&quot;,&quot;max_scale&quot;:&quot;1.5&quot;,&quot;min_scale&quot;:&quot;0.5&quot;,&quot;initial_rotate&quot;:&quot;0&quot;,&quot;end_rotate&quot;:&quot;30&quot;,&quot;initial_blur&quot;:&quot;0&quot;,&quot;end_blur&quot;:&quot;3&quot;,&quot;start_element&quot;:&quot;top&quot;,&quot;start_viewport&quot;:&quot;bottom&quot;,&quot;end_element&quot;:&quot;bottom&quot;,&quot;end_viewport&quot;:&quot;top&quot;,&quot;mouse_effect&quot;:&quot;track&quot;,&quot;mouse_effect_direction&quot;:&quot;opposite&quot;,&quot;mouse_effect_speed&quot;:&quot;2&quot;,&quot;infinite_animation&quot;:&quot;float&quot;,&quot;infinite_animation_speed&quot;:&quot;2&quot;}]\" data-scroll-devices=\"medium-visibility,large-visibility\"><div class=\"fusion-column-wrapper fusion-column-has-shadow fusion-flex-justify-content-flex-start fusion-content-layout-column\"><div class=\"fusion-builder-row fusion-builder-row-inner fusion-row fusion-flex-align-items-flex-start fusion-flex-content-wrap\" style=\"width:104% !important;max-width:104% !important;margin-left: calc(-4% \/ 2 );margin-right: calc(-4% \/ 2 );\"><div class=\"fusion-layout-column fusion_builder_column_inner fusion-builder-nested-column-0 fusion_builder_column_inner_1_3 1_3 fusion-flex-column\" style=\"--awb-bg-size:cover;--awb-width-large:33.333333333333%;--awb-margin-top-large:0px;--awb-spacing-right-large:5.76%;--awb-margin-bottom-large:20px;--awb-spacing-left-large:5.76%;--awb-width-medium:33.333333333333%;--awb-order-medium:0;--awb-spacing-right-medium:5.76%;--awb-spacing-left-medium:5.76%;--awb-width-small:100%;--awb-order-small:0;--awb-spacing-right-small:1.92%;--awb-spacing-left-small:1.92%;\"><div class=\"fusion-column-wrapper fusion-column-has-shadow fusion-flex-justify-content-flex-start fusion-content-layout-column\"><div class=\"fusion-flip-boxes flip-boxes row fusion-columns-1 flip-effect-classic\"><div class=\"fusion-flip-box-wrapper fusion-column col-lg-12 col-md-12 col-sm-12\"><div class=\"fusion-flip-box flip-down\" tabindex=\"0\"><div class=\"flip-box-inner-wrapper\"><div class=\"flip-box-front\" style=\"--awb-border-color:rgba(0,0,0,0.13);--awb-border-size:2px;--awb-border-radius:10PX;--awb-background-color-front:var(--awb-color2);--awb-title-front-color:var(--awb-color6);--awb-text-front-color:var(--awb-color7);\"><div class=\"flip-box-front-inner\"><div class=\"flip-box-grafix flip-box-image\"><img decoding=\"async\" class=\"lazyload\" src=\"data:image\/svg+xml,%3Csvg%20xmlns%3D%27http%3A%2F%2Fwww.w3.org%2F2000%2Fsvg%27%20width%3D%27160%27%20height%3D%27160%27%20viewBox%3D%270%200%20160%20160%27%3E%3Crect%20width%3D%27160%27%20height%3D%27160%27%20fill-opacity%3D%220%22%2F%3E%3C%2Fsvg%3E\" data-orig-src=\"https:\/\/wordpress-184959-0.cloudclusters.net\/wp-content\/uploads\/2024\/09\/Monin_2.png\" width=\"160\" height=\"160\" alt=\"\" \/><\/div><\/div><\/div><div class=\"flip-box-back\" style=\"--awb-border-color:rgba(0,0,0,0.13);--awb-border-size:2px;--awb-border-radius:10PX;--awb-background-color-back:var(--awb-color5);--awb-title-back-color:var(--awb-color7);--awb-text-back-color:var(--awb-color6);\"><div class=\"flip-box-back-inner\"><h3 class=\"flip-box-heading-back\">CANARIO<\/h3>\n<p style=\"text-align: center;\">Sus or\u00edgenes como s\u00edmbolo del establecimiento est\u00e1n ligados al quehacer deportivo que hist\u00f3ricamente ha destacado a nuestro Liceo pues en la indumentaria de nuestras selecciones resalta el color amarillo, caracter\u00edstico de este personaje.<\/p>\n<\/div><\/div><\/div><\/div><\/div><\/div><\/div><\/div><div class=\"fusion-layout-column fusion_builder_column_inner fusion-builder-nested-column-1 awb-sticky awb-sticky-small awb-sticky-medium awb-sticky-large fusion_builder_column_inner_1_3 1_3 fusion-flex-column\" style=\"--awb-bg-size:cover;--awb-width-large:33.333333333333%;--awb-margin-top-large:0px;--awb-spacing-right-large:5.76%;--awb-margin-bottom-large:20px;--awb-spacing-left-large:5.76%;--awb-width-medium:33.333333333333%;--awb-order-medium:0;--awb-spacing-right-medium:5.76%;--awb-spacing-left-medium:5.76%;--awb-width-small:100%;--awb-order-small:0;--awb-spacing-right-small:1.92%;--awb-spacing-left-small:1.92%;\" data-scroll-devices=\"small-visibility,medium-visibility,large-visibility\"><div class=\"fusion-column-wrapper fusion-column-has-shadow fusion-flex-justify-content-flex-start fusion-content-layout-column\"><div class=\"fusion-flip-boxes flip-boxes row fusion-columns-1 flip-effect-classic\"><div class=\"fusion-flip-box-wrapper fusion-column col-lg-12 col-md-12 col-sm-12\"><div class=\"fusion-flip-box flip-down\" tabindex=\"0\"><div class=\"flip-box-inner-wrapper\"><div class=\"flip-box-front\" style=\"--awb-border-color:rgba(0,0,0,0.07);--awb-border-size:2px;--awb-border-radius:10PX;--awb-background-color-front:var(--awb-color2);\"><div class=\"flip-box-front-inner\"><div class=\"flip-box-grafix flip-box-image\"><img decoding=\"async\" class=\"lazyload\" src=\"data:image\/svg+xml,%3Csvg%20xmlns%3D%27http%3A%2F%2Fwww.w3.org%2F2000%2Fsvg%27%20width%3D%27130%27%20height%3D%27130%27%20viewBox%3D%270%200%20130%20130%27%3E%3Crect%20width%3D%27130%27%20height%3D%27130%27%20fill-opacity%3D%220%22%2F%3E%3C%2Fsvg%3E\" data-orig-src=\"https:\/\/wordpress-184959-0.cloudclusters.net\/wp-content\/uploads\/2024\/10\/OSM-e1729108761307.png\" width=\"130\" height=\"130\" alt=\"\" \/><\/div><\/div><\/div><div class=\"flip-box-back\" style=\"--awb-border-color:rgba(0,0,0,0.07);--awb-border-size:2px;--awb-border-radius:10PX;--awb-background-color-back:var(--awb-color7);\"><div class=\"flip-box-back-inner\"><h4 class=\"flip-box-heading-back\">O.S.M.<\/h4>\n<p style=\"text-align: center;\">El escudo de la Orden es el com\u00fan a toda la Orden en el mundo. Consta de una M, inicial del nombre de Mar\u00eda, en el que se entrelaza una S, inicial de Siervos. Sobre estas dos letras se ubica una corona de la que nacen Siete lirios que simbolizan a los Siete Santos Fundadores.<\/p>\n<\/div><\/div><\/div><\/div><\/div><\/div><\/div><\/div><div class=\"fusion-layout-column fusion_builder_column_inner fusion-builder-nested-column-2 fusion_builder_column_inner_1_3 1_3 fusion-flex-column\" style=\"--awb-bg-size:cover;--awb-width-large:33.333333333333%;--awb-margin-top-large:0px;--awb-spacing-right-large:5.76%;--awb-margin-bottom-large:20px;--awb-spacing-left-large:5.76%;--awb-width-medium:33.333333333333%;--awb-order-medium:0;--awb-spacing-right-medium:5.76%;--awb-spacing-left-medium:5.76%;--awb-width-small:100%;--awb-order-small:0;--awb-spacing-right-small:1.92%;--awb-spacing-left-small:1.92%;\"><div class=\"fusion-column-wrapper fusion-column-has-shadow fusion-flex-justify-content-flex-start fusion-content-layout-column\"><div class=\"fusion-flip-boxes flip-boxes row fusion-columns-1 flip-effect-classic\"><div class=\"fusion-flip-box-wrapper fusion-column col-lg-12 col-md-12 col-sm-12\"><div class=\"fusion-flip-box flip-down\" tabindex=\"0\"><div class=\"flip-box-inner-wrapper\"><div class=\"flip-box-front\" style=\"--awb-border-color:rgba(0,0,0,0.07);--awb-border-size:2px;--awb-border-radius:10PX;--awb-background-color-front:var(--awb-color2);\"><div class=\"flip-box-front-inner\"><div class=\"flip-box-grafix flip-box-image\"><img decoding=\"async\" class=\"lazyload\" src=\"data:image\/svg+xml,%3Csvg%20xmlns%3D%27http%3A%2F%2Fwww.w3.org%2F2000%2Fsvg%27%20width%3D%27150%27%20height%3D%27150%27%20viewBox%3D%270%200%20150%20150%27%3E%3Crect%20width%3D%27150%27%20height%3D%27150%27%20fill-opacity%3D%220%22%2F%3E%3C%2Fsvg%3E\" data-orig-src=\"https:\/\/wordpress-184959-0.cloudclusters.net\/wp-content\/uploads\/2024\/10\/lsfb_transp-1.png\" width=\"150\" height=\"150\" alt=\"\" \/><\/div><\/div><\/div><div class=\"flip-box-back\" style=\"--awb-border-color:rgba(0,0,0,0.07);--awb-border-size:2px;--awb-border-radius:10PX;--awb-background-color-back:var(--awb-custom_color_1);\"><div class=\"flip-box-back-inner\"><h3 class=\"flip-box-heading-back\">NUESTRA INSIGNIA<\/h3>\n<p style=\"text-align: center;\">El creador de la insignia es el ex alumno y ex apoderado , Jos\u00e9 L. Vera M. quien con orgullo nos habla sobre el significado del sol y las monta\u00f1as, las que representan el surgimiento y la esperanza de un futuro prometedor.<\/p>\n<\/div><\/div><\/div><\/div><\/div><\/div><\/div><\/div><\/div><\/div><\/div><\/div><\/div><div class=\"fusion-fullwidth fullwidth-box fusion-builder-row-3 fusion-flex-container has-pattern-background has-mask-background nonhundred-percent-fullwidth non-hundred-percent-height-scrolling fusion-animated fusion-absolute-container fusion-absolute-position-small fusion-absolute-position-medium fusion-absolute-position-large\" style=\"--awb-border-radius-top-left:0px;--awb-border-radius-top-right:0px;--awb-border-radius-bottom-right:0px;--awb-border-radius-bottom-left:0px;--awb-flex-wrap:wrap;\" data-animationType=\"flipiny\" data-animationDuration=\"0.7\" data-animationOffset=\"top-into-view\" ><div class=\"fusion-builder-row fusion-row fusion-flex-align-items-flex-start fusion-flex-content-wrap\" style=\"max-width:1372.8px;margin-left: calc(-4% \/ 2 );margin-right: calc(-4% \/ 2 );\"><div class=\"fusion-layout-column fusion_builder_column fusion-builder-column-2 awb-sticky awb-sticky-small awb-sticky-medium awb-sticky-large fusion_builder_column_1_1 1_1 fusion-flex-column\" style=\"--awb-bg-size:cover;--awb-width-large:100%;--awb-margin-top-large:0px;--awb-spacing-right-large:1.92%;--awb-margin-bottom-large:0px;--awb-spacing-left-large:1.92%;--awb-width-medium:100%;--awb-order-medium:0;--awb-spacing-right-medium:1.92%;--awb-spacing-left-medium:1.92%;--awb-width-small:100%;--awb-order-small:0;--awb-spacing-right-small:1.92%;--awb-spacing-left-small:1.92%;\" data-scroll-devices=\"small-visibility,medium-visibility,large-visibility\"><div class=\"fusion-column-wrapper fusion-column-has-shadow fusion-flex-justify-content-flex-start fusion-content-layout-column\"><div class=\"fusion-section-separator section-separator waves fusion-section-separator-1\" style=\"--awb-spacer-padding-top:15.8203125%;--awb-svg-margin-left:1.92%;--awb-svg-margin-right:1.92%;--awb-svg-margin-left-medium:1.92%;--awb-svg-margin-right-medium:1.92%;--awb-svg-margin-left-small:1.92%;--awb-svg-margin-right-small:1.92%;--awb-sep-font-size:0;--awb-sep-line-height:0;--awb-margin-top:10px;--awb-margin-bottom:10px;\"><div class=\"fusion-section-separator-svg\"><svg class=\"fusion-waves-candy\" xmlns=\"http:\/\/www.w3.org\/2000\/svg\" version=\"1.1\" width=\"100%\" viewBox=\"0 54 1024 162\" preserveAspectRatio=\"none\" fill=\"rgba(255,239,0,1)\"><path class=\"st3\" d=\"M0 216.312h1024v-3.044c-50.8-17.1-108.7-30.7-172.7-37.9-178.6-19.8-220 36.8-404.9 21.3-206.6-17.2-228-126.5-434.5-141.6-3.9-.3-7.9-.5-11.9-.7v161.944z\"\/><\/svg><\/div><div class=\"fusion-section-separator-spacer\"><div class=\"fusion-section-separator-spacer-height\"><\/div><\/div><\/div><\/div><\/div><\/div><\/div><\/p>\n","protected":false},"excerpt":{"rendered":"","protected":false},"author":1,"featured_media":0,"parent":0,"menu_order":0,"comment_status":"closed","ping_status":"closed","template":"100-width.php","meta":{"footnotes":""},"class_list":["post-5886","page","type-page","status-publish","hentry"],"_links":{"self":[{"href":"https:\/\/lsfb.cl\/index.php?rest_route=\/wp\/v2\/pages\/5886","targetHints":{"allow":["GET"]}}],"collection":[{"href":"https:\/\/lsfb.cl\/index.php?rest_route=\/wp\/v2\/pages"}],"about":[{"href":"https:\/\/lsfb.cl\/index.php?rest_route=\/wp\/v2\/types\/page"}],"author":[{"embeddable":true,"href":"https:\/\/lsfb.cl\/index.php?rest_route=\/wp\/v2\/users\/1"}],"replies":[{"embeddable":true,"href":"https:\/\/lsfb.cl\/index.php?rest_route=%2Fwp%2Fv2%2Fcomments&post=5886"}],"version-history":[{"count":46,"href":"https:\/\/lsfb.cl\/index.php?rest_route=\/wp\/v2\/pages\/5886\/revisions"}],"predecessor-version":[{"id":5939,"href":"https:\/\/lsfb.cl\/index.php?rest_route=\/wp\/v2\/pages\/5886\/revisions\/5939"}],"wp:attachment":[{"href":"https:\/\/lsfb.cl\/index.php?rest_route=%2Fwp%2Fv2%2Fmedia&parent=5886"}],"curies":[{"name":"wp","href":"https:\/\/api.w.org\/{rel}","templated":true}]}}